{"id":263,"date":"2024-04-21T15:21:04","date_gmt":"2024-04-21T13:21:04","guid":{"rendered":"http:\/\/zlutakarta.cz\/?page_id=263"},"modified":"2024-05-01T17:11:58","modified_gmt":"2024-05-01T15:11:58","slug":"cookies","status":"publish","type":"page","link":"https:\/\/zlutakarta.cz\/?page_id=263","title":{"rendered":"Cookies"},"content":{"rendered":"\n<h3 class=\"wp-block-heading\" id=\"cookies\">Prohl\u00e1\u0161en\u00ed o pou\u017eit\u00ed cookies<\/h3>\n\n\n\n<p>Tyto webov\u00e9 str\u00e1nky ukl\u00e1daj\u00ed v souladu se z\u00e1kony na va\u0161e za\u0159\u00edzen\u00ed soubory, obecn\u011b naz\u00fdvan\u00e9 cookies.<\/p>\n\n\n\n<h4 class=\"wp-block-heading\">Co jsou cookies?<\/h4>\n\n\n\n<p>Cookies jsou mal\u00e9 datov\u00e9 soubory, d\u00edky kter\u00fdm si nav\u0161t\u00edven\u00e9 webov\u00e9 str\u00e1nky str\u00e1nky pamatuj\u00ed va\u0161e \u00fakony a nastaven\u00ed, kter\u00e9 jste na nich provedli, tak\u017ee tyto \u00fadaje nemus\u00edte zad\u00e1vat opakovan\u011b. Cookies nep\u0159edstavuj\u00ed nebezpe\u010d\u00ed, maj\u00ed v\u0161ak v\u00fdznam pro ochranu soukrom\u00ed. Cookies nelze pou\u017e\u00edt pro zji\u0161t\u011bn\u00ed toto\u017enosti n\u00e1v\u0161t\u011bvn\u00edk\u016f str\u00e1nek ani ke zneu\u017eit\u00ed p\u0159ihla\u0161ovac\u00edch \u00fadaj\u016f.<\/p>\n\n\n\n<h4 class=\"wp-block-heading\">Jak\u00e9 cookies pou\u017e\u00edv\u00e1me?<\/h4>\n\n\n\n<p>Pou\u017e\u00edv\u00e1me cookies nap\u0159\u00edklad pro zachov\u00e1n\u00ed p\u0159epnut\u00ed zobrazen\u00ed z mobiln\u00edch za\u0159\u00edzen\u00ed do PC verze webu, pro zachov\u00e1n\u00ed va\u0161ich preferenc\u00ed p\u0159i prohl\u00ed\u017een\u00ed t\u011bchto webov\u00fdch str\u00e1nek, informaci o zvolen\u00e9m jazyku nebo m\u011bn\u011b apod. Podrobn\u011bj\u0161\u00ed informace z\u00edsk\u00e1te na uveden\u00e9m kontaktu provozovatele webu.<\/p>\n\n\n\n<p>D\u00e1le pou\u017e\u00edv\u00e1me cookies t\u0159et\u00edch stran (nap\u0159. Google Analytics pro anal\u00fdzu n\u00e1v\u0161t\u011bvnosti). Tyto cookies mohou b\u00fdt vyu\u017eity pro reklamn\u00ed \u00fa\u010dely formou remarketingu na sp\u0159\u00e1telen\u00fdch webech t\u011bchto spole\u010dnost\u00ed apod. Tyto cookies jsou \u0159\u00edzeny t\u0159et\u00edmi stranami a nem\u00e1me p\u0159\u00edstup ke \u010dten\u00ed nebo z\u00e1pisu t\u011bchto dat.<\/p>\n\n\n\n<h4 class=\"wp-block-heading\">Nezbytn\u011b nutn\u00e9 soubory cookies<\/h4>\n\n\n\n<p>Tyto soubory cookies jsou nezbytn\u00e9 pro provoz na\u0161ich slu\u017eeb a nelze je vypnout. Obvykle se nastavuj\u00ed pouze v reakci na va\u0161e akce, jako je nap\u0159\u00edklad vytvo\u0159en\u00ed \u00fa\u010dtu nebo ulo\u017een\u00ed seznamu p\u0159\u00e1n\u00ed na pozd\u011bji.<\/p>\n\n\n\n<h4 class=\"wp-block-heading\">Analytick\u00e9 soubory cookies<\/h4>\n\n\n\n<p>Tyto soubory cookies n\u00e1m umo\u017e\u0148uj\u00ed po\u010d\u00edtat n\u00e1v\u0161t\u011bvy a provoz, abychom m\u011bli p\u0159ehled o tom, kter\u00e9 str\u00e1nky jsou nejobl\u00edben\u011bj\u0161\u00ed a jak se na na\u0161em webu n\u00e1v\u0161t\u011bvn\u00edci pohybuj\u00ed. Ve\u0161ker\u00e9 informace, kter\u00e9 tyto soubory cookies shroma\u017e\u010fuj\u00ed, jsou agregovan\u00e9, a tedy anonymn\u00ed.<\/p>\n\n\n\n<p><strong>Pou\u017e\u00edv\u00e1me tyto cookies:<\/strong><\/p>\n\n\n\n<ul class=\"wp-block-list\">\n<li>Google Analytics (t\u0159et\u00ed strana) &#8211; ur\u010deno pro sledov\u00e1n\u00ed provozu na webov\u00fdch str\u00e1nk\u00e1ch a vyhodnocov\u00e1n\u00ed dat z n\u00e1v\u0161t\u011bvnosti.<\/li>\n\n\n\n<li>Google Tag Manager (t\u0159et\u00ed strana) &#8211; ur\u010deno pro sledov\u00e1n\u00ed provozu na webov\u00fdch str\u00e1nk\u00e1ch a vyhodnocov\u00e1n\u00ed dat z n\u00e1v\u0161t\u011bvnosti.<\/li>\n<\/ul>\n\n\n\n<h4 class=\"wp-block-heading\">Marketingov\u00e9 soubory cookies<\/h4>\n\n\n\n<p>Kdy\u017e p\u0159ijmete marketingov\u00e9 soubory cookies, d\u00e1v\u00e1te n\u00e1m souhlas um\u00edstit do va\u0161eho za\u0159\u00edzen\u00ed soubory cookies, kter\u00e9 v\u00e1m poskytnou relevantn\u00ed obsah odpov\u00eddaj\u00edc\u00ed va\u0161im z\u00e1jm\u016fm. Tyto soubory cookies mohou b\u00fdt nastaveny n\u00e1mi nebo na\u0161imi reklamn\u00edmi partnery prost\u0159ednictv\u00edm na\u0161ich str\u00e1nek. Jejich \u00fa\u010delem je vytvo\u0159it profil va\u0161ich z\u00e1jm\u016f a zobrazovat v\u00e1m relevantn\u00ed obsah na na\u0161ich webov\u00fdch str\u00e1nk\u00e1ch i na webov\u00fdch str\u00e1nk\u00e1ch t\u0159et\u00edch stran.<\/p>\n\n\n\n<p><strong>Pou\u017e\u00edv\u00e1me tyto cookies:<\/strong><\/p>\n\n\n\n<ul class=\"wp-block-list\">\n<li>Google ADS (t\u0159et\u00ed strana) &#8211; ur\u010deno pro reklamn\u00ed kampan\u011b s identifikac\u00ed z\u00e1jmu o konkr\u00e9tn\u00ed produkty.<\/li>\n\n\n\n<li>Sklik (t\u0159et\u00ed strana) &#8211; ur\u010deno pro reklamn\u00ed kampan\u011b s identifikac\u00ed z\u00e1jmu o konkr\u00e9tn\u00ed produkty.<\/li>\n\n\n\n<li>Facebook (t\u0159et\u00ed strana) &#8211; ur\u010deno pro reklamn\u00ed kampan\u011b s identifikac\u00ed z\u00e1jmu o konkr\u00e9tn\u00ed produkty.<\/li>\n\n\n\n<li>Glami PIXEL (t\u0159et\u00ed strana) &#8211; ur\u010deno pro reklamn\u00ed kampan\u011b s identifikac\u00ed z\u00e1jmu o konkr\u00e9tn\u00ed produkty.<\/li>\n<\/ul>\n\n\n\n<h4 class=\"wp-block-heading\">Souhlas s ukl\u00e1d\u00e1n\u00edm cookies<\/h4>\n\n\n\n<p>V\u011bt\u0161ina prohl\u00ed\u017ee\u010d\u016f cookies automaticky akceptuje, pokud nen\u00ed prohl\u00ed\u017ee\u010d nastaven jinak. Pou\u017e\u00edv\u00e1n\u00edm t\u011bchto webov\u00fdch str\u00e1nek souhlas\u00edte s ukl\u00e1d\u00e1n\u00edm soubor\u016f cookies. Pou\u017eit\u00ed cookies m\u016f\u017eete omezit nebo zablokovat v nastaven\u00ed sv\u00e9ho webov\u00e9ho prohl\u00ed\u017ee\u010de. Informace o nastaven\u00ed konkr\u00e9tn\u00edho prohl\u00ed\u017ee\u010de naleznete na uveden\u00fdch adres\u00e1ch:<\/p>\n\n\n\n<ul class=\"wp-block-list\">\n<li>Internet Explorer:\u00a0<a href=\"https:\/\/windows.microsoft.com\/\" target=\"_blank\" rel=\"noreferrer noopener\">windows.microsoft.com<\/a><\/li>\n\n\n\n<li>Google Chrome:\u00a0<a href=\"https:\/\/support.google.com\/\" target=\"_blank\" rel=\"noreferrer noopener\">support.google.com<\/a><\/li>\n\n\n\n<li>Mozilla Firefox:\u00a0<a href=\"https:\/\/support.mozilla.org\/\" target=\"_blank\" rel=\"noreferrer noopener\">support.mozilla.org<\/a><\/li>\n\n\n\n<li>Opera:\u00a0<a href=\"https:\/\/help.opera.com\/\" target=\"_blank\" rel=\"noreferrer noopener\">help.opera.com<\/a><\/li>\n\n\n\n<li>Safari:\u00a0<a href=\"https:\/\/support.apple.com\/\" target=\"_blank\" rel=\"noreferrer noopener\">support.apple.com<\/a><\/li>\n<\/ul>\n","protected":false},"excerpt":{"rendered":"<p>Prohl\u00e1\u0161en\u00ed o pou\u017eit\u00ed cookies Tyto webov\u00e9 str\u00e1nky ukl\u00e1daj\u00ed v souladu se z\u00e1kony na va\u0161e za\u0159\u00edzen\u00ed soubory, obecn\u011b naz\u00fdvan\u00e9 cookies. Co jsou cookies? Cookies jsou mal\u00e9 datov\u00e9 soubory, d\u00edky kter\u00fdm si nav\u0161t\u00edven\u00e9 webov\u00e9 str\u00e1nky str\u00e1nky pamatuj\u00ed va\u0161e \u00fakony a nastaven\u00ed, kter\u00e9 jste na nich provedli, tak\u017ee tyto \u00fadaje nemus\u00edte zad\u00e1vat opakovan\u011b. Cookies nep\u0159edstavuj\u00ed nebezpe\u010d\u00ed, maj\u00ed v\u0161ak [&hellip;]<\/p>\n","protected":false},"author":1,"featured_media":0,"parent":0,"menu_order":0,"comment_status":"closed","ping_status":"closed","template":"","meta":{"footnotes":""},"class_list":["post-263","page","type-page","status-publish","hentry"],"yoast_head":"<!-- This site is optimized with the Yoast SEO plugin v26.6 - https:\/\/yoast.com\/wordpress\/plugins\/seo\/ -->\n<title>Cookies - \u017dlut\u00e1 karta<\/title>\n<meta name=\"robots\" content=\"index, follow, max-snippet:-1, max-image-preview:large, max-video-preview:-1\" \/>\n<link rel=\"canonical\" href=\"https:\/\/zlutakarta.cz\/?page_id=263\" \/>\n<meta property=\"og:locale\" content=\"cs_CZ\" \/>\n<meta property=\"og:type\" content=\"article\" \/>\n<meta property=\"og:title\" content=\"Cookies - \u017dlut\u00e1 karta\" \/>\n<meta property=\"og:description\" content=\"Prohl\u00e1\u0161en\u00ed o pou\u017eit\u00ed cookies Tyto webov\u00e9 str\u00e1nky ukl\u00e1daj\u00ed v souladu se z\u00e1kony na va\u0161e za\u0159\u00edzen\u00ed soubory, obecn\u011b naz\u00fdvan\u00e9 cookies. Co jsou cookies? Cookies jsou mal\u00e9 datov\u00e9 soubory, d\u00edky kter\u00fdm si nav\u0161t\u00edven\u00e9 webov\u00e9 str\u00e1nky str\u00e1nky pamatuj\u00ed va\u0161e \u00fakony a nastaven\u00ed, kter\u00e9 jste na nich provedli, tak\u017ee tyto \u00fadaje nemus\u00edte zad\u00e1vat opakovan\u011b. Cookies nep\u0159edstavuj\u00ed nebezpe\u010d\u00ed, maj\u00ed v\u0161ak [&hellip;]\" \/>\n<meta property=\"og:url\" content=\"https:\/\/zlutakarta.cz\/?page_id=263\" \/>\n<meta property=\"og:site_name\" content=\"\u017dlut\u00e1 karta\" \/>\n<meta property=\"article:publisher\" content=\"https:\/\/www.facebook.com\/zlutakarta\/\" \/>\n<meta property=\"article:modified_time\" content=\"2024-05-01T15:11:58+00:00\" \/>\n<meta name=\"twitter:card\" content=\"summary_large_image\" \/>\n<meta name=\"twitter:label1\" content=\"Odhadovan\u00e1 doba \u010dten\u00ed\" \/>\n\t<meta name=\"twitter:data1\" content=\"3 minuty\" \/>\n<script type=\"application\/ld+json\" class=\"yoast-schema-graph\">{\"@context\":\"https:\/\/schema.org\",\"@graph\":[{\"@type\":\"WebPage\",\"@id\":\"https:\/\/zlutakarta.cz\/?page_id=263\",\"url\":\"https:\/\/zlutakarta.cz\/?page_id=263\",\"name\":\"Cookies - \u017dlut\u00e1 karta\",\"isPartOf\":{\"@id\":\"https:\/\/zlutakarta.cz\/#website\"},\"datePublished\":\"2024-04-21T13:21:04+00:00\",\"dateModified\":\"2024-05-01T15:11:58+00:00\",\"breadcrumb\":{\"@id\":\"https:\/\/zlutakarta.cz\/?page_id=263#breadcrumb\"},\"inLanguage\":\"cs\",\"potentialAction\":[{\"@type\":\"ReadAction\",\"target\":[\"https:\/\/zlutakarta.cz\/?page_id=263\"]}]},{\"@type\":\"BreadcrumbList\",\"@id\":\"https:\/\/zlutakarta.cz\/?page_id=263#breadcrumb\",\"itemListElement\":[{\"@type\":\"ListItem\",\"position\":1,\"name\":\"Dom\u016f\",\"item\":\"https:\/\/zlutakarta.cz\/\"},{\"@type\":\"ListItem\",\"position\":2,\"name\":\"Cookies\"}]},{\"@type\":\"WebSite\",\"@id\":\"https:\/\/zlutakarta.cz\/#website\",\"url\":\"https:\/\/zlutakarta.cz\/\",\"name\":\"\u017dlut\u00e1 karta\",\"description\":\"Catering bistro L\u00edbeznice, Ba\u0161t, Bo\u0159anovice, Hovor\u010dovice\",\"publisher\":{\"@id\":\"https:\/\/zlutakarta.cz\/#organization\"},\"potentialAction\":[{\"@type\":\"SearchAction\",\"target\":{\"@type\":\"EntryPoint\",\"urlTemplate\":\"https:\/\/zlutakarta.cz\/?s={search_term_string}\"},\"query-input\":{\"@type\":\"PropertyValueSpecification\",\"valueRequired\":true,\"valueName\":\"search_term_string\"}}],\"inLanguage\":\"cs\"},{\"@type\":\"Organization\",\"@id\":\"https:\/\/zlutakarta.cz\/#organization\",\"name\":\"HALDAPE s.r.o.\",\"url\":\"https:\/\/zlutakarta.cz\/\",\"logo\":{\"@type\":\"ImageObject\",\"inLanguage\":\"cs\",\"@id\":\"https:\/\/zlutakarta.cz\/#\/schema\/logo\/image\/\",\"url\":\"http:\/\/zlutakarta.cz\/wp-content\/uploads\/2024\/04\/zluta_karta_logo_bez_pozadi.png\",\"contentUrl\":\"http:\/\/zlutakarta.cz\/wp-content\/uploads\/2024\/04\/zluta_karta_logo_bez_pozadi.png\",\"width\":2400,\"height\":1700,\"caption\":\"HALDAPE s.r.o.\"},\"image\":{\"@id\":\"https:\/\/zlutakarta.cz\/#\/schema\/logo\/image\/\"},\"sameAs\":[\"https:\/\/www.facebook.com\/zlutakarta\/\"]}]}<\/script>\n<!-- \/ Yoast SEO plugin. -->","yoast_head_json":{"title":"Cookies - \u017dlut\u00e1 karta","robots":{"index":"index","follow":"follow","max-snippet":"max-snippet:-1","max-image-preview":"max-image-preview:large","max-video-preview":"max-video-preview:-1"},"canonical":"https:\/\/zlutakarta.cz\/?page_id=263","og_locale":"cs_CZ","og_type":"article","og_title":"Cookies - \u017dlut\u00e1 karta","og_description":"Prohl\u00e1\u0161en\u00ed o pou\u017eit\u00ed cookies Tyto webov\u00e9 str\u00e1nky ukl\u00e1daj\u00ed v souladu se z\u00e1kony na va\u0161e za\u0159\u00edzen\u00ed soubory, obecn\u011b naz\u00fdvan\u00e9 cookies. Co jsou cookies? Cookies jsou mal\u00e9 datov\u00e9 soubory, d\u00edky kter\u00fdm si nav\u0161t\u00edven\u00e9 webov\u00e9 str\u00e1nky str\u00e1nky pamatuj\u00ed va\u0161e \u00fakony a nastaven\u00ed, kter\u00e9 jste na nich provedli, tak\u017ee tyto \u00fadaje nemus\u00edte zad\u00e1vat opakovan\u011b. Cookies nep\u0159edstavuj\u00ed nebezpe\u010d\u00ed, maj\u00ed v\u0161ak [&hellip;]","og_url":"https:\/\/zlutakarta.cz\/?page_id=263","og_site_name":"\u017dlut\u00e1 karta","article_publisher":"https:\/\/www.facebook.com\/zlutakarta\/","article_modified_time":"2024-05-01T15:11:58+00:00","twitter_card":"summary_large_image","twitter_misc":{"Odhadovan\u00e1 doba \u010dten\u00ed":"3 minuty"},"schema":{"@context":"https:\/\/schema.org","@graph":[{"@type":"WebPage","@id":"https:\/\/zlutakarta.cz\/?page_id=263","url":"https:\/\/zlutakarta.cz\/?page_id=263","name":"Cookies - \u017dlut\u00e1 karta","isPartOf":{"@id":"https:\/\/zlutakarta.cz\/#website"},"datePublished":"2024-04-21T13:21:04+00:00","dateModified":"2024-05-01T15:11:58+00:00","breadcrumb":{"@id":"https:\/\/zlutakarta.cz\/?page_id=263#breadcrumb"},"inLanguage":"cs","potentialAction":[{"@type":"ReadAction","target":["https:\/\/zlutakarta.cz\/?page_id=263"]}]},{"@type":"BreadcrumbList","@id":"https:\/\/zlutakarta.cz\/?page_id=263#breadcrumb","itemListElement":[{"@type":"ListItem","position":1,"name":"Dom\u016f","item":"https:\/\/zlutakarta.cz\/"},{"@type":"ListItem","position":2,"name":"Cookies"}]},{"@type":"WebSite","@id":"https:\/\/zlutakarta.cz\/#website","url":"https:\/\/zlutakarta.cz\/","name":"\u017dlut\u00e1 karta","description":"Catering bistro L\u00edbeznice, Ba\u0161t, Bo\u0159anovice, Hovor\u010dovice","publisher":{"@id":"https:\/\/zlutakarta.cz\/#organization"},"potentialAction":[{"@type":"SearchAction","target":{"@type":"EntryPoint","urlTemplate":"https:\/\/zlutakarta.cz\/?s={search_term_string}"},"query-input":{"@type":"PropertyValueSpecification","valueRequired":true,"valueName":"search_term_string"}}],"inLanguage":"cs"},{"@type":"Organization","@id":"https:\/\/zlutakarta.cz\/#organization","name":"HALDAPE s.r.o.","url":"https:\/\/zlutakarta.cz\/","logo":{"@type":"ImageObject","inLanguage":"cs","@id":"https:\/\/zlutakarta.cz\/#\/schema\/logo\/image\/","url":"http:\/\/zlutakarta.cz\/wp-content\/uploads\/2024\/04\/zluta_karta_logo_bez_pozadi.png","contentUrl":"http:\/\/zlutakarta.cz\/wp-content\/uploads\/2024\/04\/zluta_karta_logo_bez_pozadi.png","width":2400,"height":1700,"caption":"HALDAPE s.r.o."},"image":{"@id":"https:\/\/zlutakarta.cz\/#\/schema\/logo\/image\/"},"sameAs":["https:\/\/www.facebook.com\/zlutakarta\/"]}]}},"_links":{"self":[{"href":"https:\/\/zlutakarta.cz\/index.php?rest_route=\/wp\/v2\/pages\/263","targetHints":{"allow":["GET"]}}],"collection":[{"href":"https:\/\/zlutakarta.cz\/index.php?rest_route=\/wp\/v2\/pages"}],"about":[{"href":"https:\/\/zlutakarta.cz\/index.php?rest_route=\/wp\/v2\/types\/page"}],"author":[{"embeddable":true,"href":"https:\/\/zlutakarta.cz\/index.php?rest_route=\/wp\/v2\/users\/1"}],"replies":[{"embeddable":true,"href":"https:\/\/zlutakarta.cz\/index.php?rest_route=%2Fwp%2Fv2%2Fcomments&post=263"}],"version-history":[{"count":2,"href":"https:\/\/zlutakarta.cz\/index.php?rest_route=\/wp\/v2\/pages\/263\/revisions"}],"predecessor-version":[{"id":266,"href":"https:\/\/zlutakarta.cz\/index.php?rest_route=\/wp\/v2\/pages\/263\/revisions\/266"}],"wp:attachment":[{"href":"https:\/\/zlutakarta.cz\/index.php?rest_route=%2Fwp%2Fv2%2Fmedia&parent=263"}],"curies":[{"name":"wp","href":"https:\/\/api.w.org\/{rel}","templated":true}]}}