{"id":125,"date":"2018-11-12T07:59:43","date_gmt":"2018-11-12T07:59:43","guid":{"rendered":"http:\/\/demo.acmethemes.com\/restaurant-recipe-pro\/?page_id=12"},"modified":"2024-04-20T17:43:44","modified_gmt":"2024-04-20T15:43:44","slug":"about","status":"publish","type":"page","link":"https:\/\/zlutakarta.cz\/?page_id=125","title":{"rendered":"O n\u00e1s"},"content":{"rendered":"<div id=\"pl-125\"  class=\"panel-layout\" ><div id=\"pg-125-0\"  class=\"panel-grid panel-no-style\" ><div id=\"pgc-125-0-0\"  class=\"panel-grid-cell\" ><div id=\"panel-125-0-0-0\" class=\"so-panel widget widget_restaurant_recipe_about panel-first-child\" data-index=\"0\" >            <section id=\"restaurant_recipe_about-5\" class=\"at-widgets at-feature-about\">\r\n                <div class=\"container\">\r\n                    <div class=\"row\">\r\n                                                    <div class=\"col-sm-6 init-animate zoomIn\">\r\n                                <div class=\"at-feature-about-img\">\r\n                                    <img decoding=\"async\" src=\"http:\/\/demo.acmethemes.com\/restaurant-recipe-pro\/wp-content\/uploads\/2018\/11\/about-image-1.png\">\r\n                                <\/div>\r\n                            <\/div>\r\n                                                    <div class=\"col-sm-6\">\r\n                            <div class='at-widget-title-wrapper'><h3 class=\"widget-title\">O n\u00e1s<\/h3>                                    <p class=\"at-subtitle init-animate zoomIn\">Jsme \u017dlut\u00e1 Karta Catering, a specializujeme se na cateringov\u00e9 slu\u017eby na m\u00edru. Na\u0161\u00edm c\u00edlem je poskytovat vynikaj\u00edc\u00ed catering pro r\u016fzn\u00e9 typy akc\u00ed, od firemn\u00edch setk\u00e1n\u00ed po soukrom\u00e9 oslavy.<\/p>\r\n\t\t                            <\/div><p class='init-animate zoomIn'>S dlouholet\u00fdmi zku\u0161enostmi a v\u00e1\u0161n\u00ed pro gastronomii se sna\u017e\u00edme vytv\u00e1\u0159et chutn\u00e9 a esteticky p\u0159ita\u017eliv\u00e9 menu, kter\u00e9 ud\u011bl\u00e1 dojem na va\u0161ich hostech. S n\u00e1mi z\u00edsk\u00e1te partnera, kter\u00fd se postar\u00e1 o ka\u017ed\u00fd detail, aby va\u0161e ud\u00e1lost byla skv\u011bl\u00e1 a nezapomenuteln\u00e1.<\/p>                        <\/div>\r\n                    <\/div>\r\n                <\/div>\r\n            <\/section>\r\n            <\/div><div id=\"panel-125-0-0-1\" class=\"so-panel widget widget_restaurant_recipe_service panel-last-child\" data-index=\"1\" >            <section id=\"restaurant_recipe_service-3\" class=\"at-widgets acme-services  feature at-parallax\" style=\"background-image:url(http:\/\/demo.acmethemes.com\/restaurant-recipe-pro\/wp-content\/uploads\/2018\/11\/pexels-photo-1268551.jpeg);background-repeat:no-repeat;background-size:cover;background-attachment:fixed;background-position: center;\">\r\n                <div class=\"container\">\r\n\r\n\t\t\t\t\t<div class='at-widget-title-wrapper'><h3 class=\"widget-title\">Na\u0161e slu\u017eby<\/h3><\/div>                    <div class=\"row featured-entries-col featured-entries-logo column\">\r\n\t\t\t\t\t\t                                    <div class=\"single-list col-sm-3 col-md-3 column\">\r\n                                        <div class=\"single-item init-animate zoomIn\">\r\n                                            <div class=\"icon clearfix\">\r\n\t\t\t\t\t\t\t\t\t\t\t\t                                                    <i class=\"fa fa-cutlery\"><\/i>\r\n\t\t\t\t\t\t\t\t\t\t\t\t\t                                            <\/div>\r\n                                            <h3 class=\"title\">\r\n\t\t\t\t\t\t\t\t\t\t\t\tCatering                                            <\/h3>\r\n\t\t\t\t\t\t\t\t\t\t\t                                                <div class=\"content\">\r\n                                                    <div class=\"details\">\r\n\t\t\t\t\t\t\t\t\t\t\t\t\t\t<p>Zajist\u00edme pro v\u00e1s cateringov\u00e9 slu\u017eby dle va\u0161ich p\u0159edstav.<\/p>\n                                                    <\/div>\r\n                                                <\/div>\r\n\t\t\t\t\t\t\t\t\t\t\t\t                                        <\/div>\r\n                                    <\/div>\r\n\t\t\t\t\t\t\t\t\t                                    <div class=\"single-list col-sm-3 col-md-3 column\">\r\n                                        <div class=\"single-item init-animate zoomIn\">\r\n                                            <div class=\"icon clearfix\">\r\n\t\t\t\t\t\t\t\t\t\t\t\t                                                    <i class=\"fa fa-coffee\"><\/i>\r\n\t\t\t\t\t\t\t\t\t\t\t\t\t                                            <\/div>\r\n                                            <h3 class=\"title\">\r\n\t\t\t\t\t\t\t\t\t\t\t\tDegustace                                            <\/h3>\r\n\t\t\t\t\t\t\t\t\t\t\t                                                <div class=\"content\">\r\n                                                    <div class=\"details\">\r\n\t\t\t\t\t\t\t\t\t\t\t\t\t\t<p>Degustace a ochutn\u00e1vky rum\u016f, v\u00edn, k\u00e1vy a jin\u00fdch pochutin<\/p>\n                                                    <\/div>\r\n                                                <\/div>\r\n\t\t\t\t\t\t\t\t\t\t\t\t                                        <\/div>\r\n                                    <\/div>\r\n\t\t\t\t\t\t\t\t\t                                    <div class=\"single-list col-sm-3 col-md-3 column\">\r\n                                        <div class=\"single-item init-animate zoomIn\">\r\n                                            <div class=\"icon clearfix\">\r\n\t\t\t\t\t\t\t\t\t\t\t\t                                                    <i class=\"fa fa-user\"><\/i>\r\n\t\t\t\t\t\t\t\t\t\t\t\t\t                                            <\/div>\r\n                                            <h3 class=\"title\">\r\n\t\t\t\t\t\t\t\t\t\t\t\tSemin\u00e1\u0159e a kurzy                                            <\/h3>\r\n\t\t\t\t\t\t\t\t\t\t\t                                                <div class=\"content\">\r\n                                                    <div class=\"details\">\r\n\t\t\t\t\t\t\t\t\t\t\t\t\t\t<p>Semin\u00e1\u0159e a kurzy na r\u016fzn\u00e1 t\u00e9mata od vzd\u011bl\u00e1v\u00e1n\u00ed po z\u00e1bavn\u00e9 workshopy<\/p>\n                                                    <\/div>\r\n                                                <\/div>\r\n\t\t\t\t\t\t\t\t\t\t\t\t                                        <\/div>\r\n                                    <\/div>\r\n\t\t\t\t\t\t\t\t\t                                    <div class=\"single-list col-sm-3 col-md-3 column\">\r\n                                        <div class=\"single-item init-animate zoomIn\">\r\n                                            <div class=\"icon clearfix\">\r\n\t\t\t\t\t\t\t\t\t\t\t\t                                                    <i class=\"fa fa-music\"><\/i>\r\n\t\t\t\t\t\t\t\t\t\t\t\t\t                                            <\/div>\r\n                                            <h3 class=\"title\">\r\n\t\t\t\t\t\t\t\t\t\t\t\tHudba                                            <\/h3>\r\n\t\t\t\t\t\t\t\t\t\t\t                                                <div class=\"content\">\r\n                                                    <div class=\"details\">\r\n\t\t\t\t\t\t\t\t\t\t\t\t\t\t<p>Ve\u010dery s \u017eivou hudbou, open mic, karaoke<\/p>\n                                                    <\/div>\r\n                                                <\/div>\r\n\t\t\t\t\t\t\t\t\t\t\t\t                                        <\/div>\r\n                                    <\/div>\r\n\t\t\t\t\t\t\t\t\t                    <\/div><!--row-->\r\n\t\t\t\t\t                <\/div><!--cointainer-->\r\n            <\/section>\r\n\t\t\t<\/div><\/div><\/div><\/div>","protected":false},"excerpt":{"rendered":"","protected":false},"author":1,"featured_media":0,"parent":0,"menu_order":0,"comment_status":"closed","ping_status":"closed","template":"page-templates\/template-builder.php","meta":{"footnotes":""},"class_list":["post-125","page","type-page","status-publish","hentry"],"yoast_head":"<!-- This site is optimized with the Yoast SEO plugin v26.6 - https:\/\/yoast.com\/wordpress\/plugins\/seo\/ -->\n<title>O n\u00e1s - \u017dlut\u00e1 karta<\/title>\n<meta name=\"robots\" content=\"index, follow, max-snippet:-1, max-image-preview:large, max-video-preview:-1\" \/>\n<link rel=\"canonical\" href=\"https:\/\/zlutakarta.cz\/?page_id=125\" \/>\n<meta property=\"og:locale\" content=\"cs_CZ\" \/>\n<meta property=\"og:type\" content=\"article\" \/>\n<meta property=\"og:title\" content=\"O n\u00e1s - \u017dlut\u00e1 karta\" \/>\n<meta property=\"og:url\" content=\"https:\/\/zlutakarta.cz\/?page_id=125\" \/>\n<meta property=\"og:site_name\" content=\"\u017dlut\u00e1 karta\" \/>\n<meta property=\"article:publisher\" content=\"https:\/\/www.facebook.com\/zlutakarta\/\" \/>\n<meta property=\"article:modified_time\" content=\"2024-04-20T15:43:44+00:00\" \/>\n<meta name=\"twitter:card\" content=\"summary_large_image\" \/>\n<meta name=\"twitter:label1\" content=\"Odhadovan\u00e1 doba \u010dten\u00ed\" \/>\n\t<meta name=\"twitter:data1\" content=\"1 minuta\" \/>\n<script type=\"application\/ld+json\" class=\"yoast-schema-graph\">{\"@context\":\"https:\/\/schema.org\",\"@graph\":[{\"@type\":\"WebPage\",\"@id\":\"https:\/\/zlutakarta.cz\/?page_id=125\",\"url\":\"https:\/\/zlutakarta.cz\/?page_id=125\",\"name\":\"O n\u00e1s - \u017dlut\u00e1 karta\",\"isPartOf\":{\"@id\":\"https:\/\/zlutakarta.cz\/#website\"},\"datePublished\":\"2018-11-12T07:59:43+00:00\",\"dateModified\":\"2024-04-20T15:43:44+00:00\",\"breadcrumb\":{\"@id\":\"https:\/\/zlutakarta.cz\/?page_id=125#breadcrumb\"},\"inLanguage\":\"cs\",\"potentialAction\":[{\"@type\":\"ReadAction\",\"target\":[\"https:\/\/zlutakarta.cz\/?page_id=125\"]}]},{\"@type\":\"BreadcrumbList\",\"@id\":\"https:\/\/zlutakarta.cz\/?page_id=125#breadcrumb\",\"itemListElement\":[{\"@type\":\"ListItem\",\"position\":1,\"name\":\"Dom\u016f\",\"item\":\"https:\/\/zlutakarta.cz\/\"},{\"@type\":\"ListItem\",\"position\":2,\"name\":\"O n\u00e1s\"}]},{\"@type\":\"WebSite\",\"@id\":\"https:\/\/zlutakarta.cz\/#website\",\"url\":\"https:\/\/zlutakarta.cz\/\",\"name\":\"\u017dlut\u00e1 karta\",\"description\":\"Catering bistro L\u00edbeznice, Ba\u0161t, Bo\u0159anovice, Hovor\u010dovice\",\"publisher\":{\"@id\":\"https:\/\/zlutakarta.cz\/#organization\"},\"potentialAction\":[{\"@type\":\"SearchAction\",\"target\":{\"@type\":\"EntryPoint\",\"urlTemplate\":\"https:\/\/zlutakarta.cz\/?s={search_term_string}\"},\"query-input\":{\"@type\":\"PropertyValueSpecification\",\"valueRequired\":true,\"valueName\":\"search_term_string\"}}],\"inLanguage\":\"cs\"},{\"@type\":\"Organization\",\"@id\":\"https:\/\/zlutakarta.cz\/#organization\",\"name\":\"HALDAPE s.r.o.\",\"url\":\"https:\/\/zlutakarta.cz\/\",\"logo\":{\"@type\":\"ImageObject\",\"inLanguage\":\"cs\",\"@id\":\"https:\/\/zlutakarta.cz\/#\/schema\/logo\/image\/\",\"url\":\"http:\/\/zlutakarta.cz\/wp-content\/uploads\/2024\/04\/zluta_karta_logo_bez_pozadi.png\",\"contentUrl\":\"http:\/\/zlutakarta.cz\/wp-content\/uploads\/2024\/04\/zluta_karta_logo_bez_pozadi.png\",\"width\":2400,\"height\":1700,\"caption\":\"HALDAPE s.r.o.\"},\"image\":{\"@id\":\"https:\/\/zlutakarta.cz\/#\/schema\/logo\/image\/\"},\"sameAs\":[\"https:\/\/www.facebook.com\/zlutakarta\/\"]}]}<\/script>\n<!-- \/ Yoast SEO plugin. -->","yoast_head_json":{"title":"O n\u00e1s - \u017dlut\u00e1 karta","robots":{"index":"index","follow":"follow","max-snippet":"max-snippet:-1","max-image-preview":"max-image-preview:large","max-video-preview":"max-video-preview:-1"},"canonical":"https:\/\/zlutakarta.cz\/?page_id=125","og_locale":"cs_CZ","og_type":"article","og_title":"O n\u00e1s - \u017dlut\u00e1 karta","og_url":"https:\/\/zlutakarta.cz\/?page_id=125","og_site_name":"\u017dlut\u00e1 karta","article_publisher":"https:\/\/www.facebook.com\/zlutakarta\/","article_modified_time":"2024-04-20T15:43:44+00:00","twitter_card":"summary_large_image","twitter_misc":{"Odhadovan\u00e1 doba \u010dten\u00ed":"1 minuta"},"schema":{"@context":"https:\/\/schema.org","@graph":[{"@type":"WebPage","@id":"https:\/\/zlutakarta.cz\/?page_id=125","url":"https:\/\/zlutakarta.cz\/?page_id=125","name":"O n\u00e1s - \u017dlut\u00e1 karta","isPartOf":{"@id":"https:\/\/zlutakarta.cz\/#website"},"datePublished":"2018-11-12T07:59:43+00:00","dateModified":"2024-04-20T15:43:44+00:00","breadcrumb":{"@id":"https:\/\/zlutakarta.cz\/?page_id=125#breadcrumb"},"inLanguage":"cs","potentialAction":[{"@type":"ReadAction","target":["https:\/\/zlutakarta.cz\/?page_id=125"]}]},{"@type":"BreadcrumbList","@id":"https:\/\/zlutakarta.cz\/?page_id=125#breadcrumb","itemListElement":[{"@type":"ListItem","position":1,"name":"Dom\u016f","item":"https:\/\/zlutakarta.cz\/"},{"@type":"ListItem","position":2,"name":"O n\u00e1s"}]},{"@type":"WebSite","@id":"https:\/\/zlutakarta.cz\/#website","url":"https:\/\/zlutakarta.cz\/","name":"\u017dlut\u00e1 karta","description":"Catering bistro L\u00edbeznice, Ba\u0161t, Bo\u0159anovice, Hovor\u010dovice","publisher":{"@id":"https:\/\/zlutakarta.cz\/#organization"},"potentialAction":[{"@type":"SearchAction","target":{"@type":"EntryPoint","urlTemplate":"https:\/\/zlutakarta.cz\/?s={search_term_string}"},"query-input":{"@type":"PropertyValueSpecification","valueRequired":true,"valueName":"search_term_string"}}],"inLanguage":"cs"},{"@type":"Organization","@id":"https:\/\/zlutakarta.cz\/#organization","name":"HALDAPE s.r.o.","url":"https:\/\/zlutakarta.cz\/","logo":{"@type":"ImageObject","inLanguage":"cs","@id":"https:\/\/zlutakarta.cz\/#\/schema\/logo\/image\/","url":"http:\/\/zlutakarta.cz\/wp-content\/uploads\/2024\/04\/zluta_karta_logo_bez_pozadi.png","contentUrl":"http:\/\/zlutakarta.cz\/wp-content\/uploads\/2024\/04\/zluta_karta_logo_bez_pozadi.png","width":2400,"height":1700,"caption":"HALDAPE s.r.o."},"image":{"@id":"https:\/\/zlutakarta.cz\/#\/schema\/logo\/image\/"},"sameAs":["https:\/\/www.facebook.com\/zlutakarta\/"]}]}},"_links":{"self":[{"href":"https:\/\/zlutakarta.cz\/index.php?rest_route=\/wp\/v2\/pages\/125","targetHints":{"allow":["GET"]}}],"collection":[{"href":"https:\/\/zlutakarta.cz\/index.php?rest_route=\/wp\/v2\/pages"}],"about":[{"href":"https:\/\/zlutakarta.cz\/index.php?rest_route=\/wp\/v2\/types\/page"}],"author":[{"embeddable":true,"href":"https:\/\/zlutakarta.cz\/index.php?rest_route=\/wp\/v2\/users\/1"}],"replies":[{"embeddable":true,"href":"https:\/\/zlutakarta.cz\/index.php?rest_route=%2Fwp%2Fv2%2Fcomments&post=125"}],"version-history":[{"count":5,"href":"https:\/\/zlutakarta.cz\/index.php?rest_route=\/wp\/v2\/pages\/125\/revisions"}],"predecessor-version":[{"id":227,"href":"https:\/\/zlutakarta.cz\/index.php?rest_route=\/wp\/v2\/pages\/125\/revisions\/227"}],"wp:attachment":[{"href":"https:\/\/zlutakarta.cz\/index.php?rest_route=%2Fwp%2Fv2%2Fmedia&parent=125"}],"curies":[{"name":"wp","href":"https:\/\/api.w.org\/{rel}","templated":true}]}}